{"id":53899,"date":"2018-01-16T15:43:25","date_gmt":"2018-01-16T14:43:25","guid":{"rendered":"https:\/\/iloveitalianfood.it\/?page_id=53899"},"modified":"2024-05-24T11:36:24","modified_gmt":"2024-05-24T09:36:24","slug":"mission-3","status":"publish","type":"page","link":"https:\/\/iloveitalianfood.it\/fr\/mission-3\/","title":{"rendered":"Manifeste"},"content":{"rendered":"<p>[et_pb_section fb_built=\u00a0\u00bb1&Prime; _builder_version=\u00a0\u00bb4.23.2&Prime; _module_preset=\u00a0\u00bbdefault\u00a0\u00bb hover_enabled=\u00a0\u00bb0&Prime; da_disable_devices=\u00a0\u00bboff|off|off\u00a0\u00bb global_colors_info=\u00a0\u00bb{}\u00a0\u00bb custom_margin=\u00a0\u00bb||0px||false|false\u00a0\u00bb custom_padding=\u00a0\u00bb0px||0px||false|false\u00a0\u00bb sticky_enabled=\u00a0\u00bb0&Prime; da_is_popup=\u00a0\u00bboff\u00a0\u00bb da_exit_intent=\u00a0\u00bboff\u00a0\u00bb da_has_close=\u00a0\u00bbon\u00a0\u00bb da_alt_close=\u00a0\u00bboff\u00a0\u00bb da_dark_close=\u00a0\u00bboff\u00a0\u00bb da_not_modal=\u00a0\u00bbon\u00a0\u00bb da_is_singular=\u00a0\u00bboff\u00a0\u00bb da_with_loader=\u00a0\u00bboff\u00a0\u00bb da_has_shadow=\u00a0\u00bbon\u00a0\u00bb][et_pb_row column_structure=\u00a0\u00bb1_2,1_2&Prime; make_equal=\u00a0\u00bbon\u00a0\u00bb padding_top_bottom_link_2=\u00a0\u00bbtrue\u00a0\u00bb padding_left_right_link_2=\u00a0\u00bbfalse\u00a0\u00bb _builder_version=\u00a0\u00bb4.23.2&Prime; width=\u00a0\u00bb100%\u00a0\u00bb max_width=\u00a0\u00bb100%\u00a0\u00bb custom_padding=\u00a0\u00bb0px||0px||true\u00a0\u00bb hover_enabled=\u00a0\u00bb0&Prime; use_custom_width=\u00a0\u00bbon\u00a0\u00bb width_unit=\u00a0\u00bboff\u00a0\u00bb custom_width_percent=\u00a0\u00bb100%\u00a0\u00bb global_colors_info=\u00a0\u00bb{}\u00a0\u00bb sticky_enabled=\u00a0\u00bb0&Prime; locked=\u00a0\u00bboff\u00a0\u00bb][et_pb_column type=\u00a0\u00bb1_2&Prime; _builder_version=\u00a0\u00bb4.23.2&Prime; background_image=\u00a0\u00bbhttps:\/\/iloveitalianfood.it\/wp-content\/uploads\/2024\/05\/manifesto-im01.jpg\u00a0\u00bb custom_padding=\u00a0\u00bb|||\u00a0\u00bb hover_enabled=\u00a0\u00bb0&Prime; global_colors_info=\u00a0\u00bb{}\u00a0\u00bb custom_padding__hover=\u00a0\u00bb|||\u00a0\u00bb sticky_enabled=\u00a0\u00bb0&Prime;][\/et_pb_column][et_pb_column type=\u00a0\u00bb1_2&Prime; _builder_version=\u00a0\u00bb4.16&Prime; background_size=\u00a0\u00bbinitial\u00a0\u00bb background_position=\u00a0\u00bbtop_right\u00a0\u00bb custom_padding=\u00a0\u00bb6vw|10%|6vw|\u00a0\u00bb custom_padding_tablet=\u00a0\u00bb|10%||10%||true\u00a0\u00bb custom_padding_phone=\u00a0\u00bb|||\u00a0\u00bb custom_padding_last_edited=\u00a0\u00bbon|desktop\u00a0\u00bb global_colors_info=\u00a0\u00bb{}\u00a0\u00bb padding_phone=\u00a0\u00bb|||\u00a0\u00bb padding_tablet=\u00a0\u00bb|10%||10%||true\u00a0\u00bb padding_last_edited=\u00a0\u00bbon|desktop\u00a0\u00bb custom_padding__hover=\u00a0\u00bb|||\u00a0\u00bb][et_pb_text _builder_version=\u00a0\u00bb4.23.2&Prime; header_font=\u00a0\u00bbAlata||||||||\u00a0\u00bb header_font_size=\u00a0\u00bb4em\u00a0\u00bb background_size=\u00a0\u00bbinitial\u00a0\u00bb background_position=\u00a0\u00bbtop_left\u00a0\u00bb background_repeat=\u00a0\u00bbrepeat\u00a0\u00bb global_colors_info=\u00a0\u00bb{}\u00a0\u00bb]<\/p>\n<h1 style=\"text-align: left;\">Manifeste<\/h1>\n<p>[\/et_pb_text][et_pb_text admin_label=\u00a0\u00bbTexte\u00a0\u00bb _builder_version=\u00a0\u00bb4.18.1&Prime; _module_preset=\u00a0\u00bbdefault\u00a0\u00bb global_colors_info=\u00a0\u00bb{}\u00a0\u00bb]<\/p>\n<h4>I Love Italian Food est une association culturelle fond\u00e9e dans le but de promouvoir et de d\u00e9fendre la v\u00e9ritable culture gastronomique et vinicole italienne dans le monde.<\/h4>\n<p>Le projet est le r\u00e9sultat de la passion pour les produits et la cuisine typiques de notre Bel paese, une histoire d&rsquo;amour quotidienne, une identit\u00e9, qui change et \u00e9volue de g\u00e9n\u00e9ration en g\u00e9n\u00e9ration. Non seulement la passion, mais aussi la conscience que 60% des produits \u00ab\u00a0italiens\u00a0\u00bb vendus dans le monde sont en r\u00e9alit\u00e9 produits \u00e0 l&rsquo;\u00e9tranger ou sont m\u00eame le r\u00e9sultat de l&rsquo;agro-piraterie. Pour cette raison, notre mission est \u00e9galement de remettre sur le devant de la sc\u00e8ne tous les produits dont la cha\u00eene d&rsquo;approvisionnement est totalement italienne et, avec eux, les entreprises qui investissent sur le territoire, afin de surmonter ensemble le d\u00e9fi de la sonorit\u00e9 italienne et de prot\u00e9ger chaque produit qui est 100per100 italien.<\/p>\n<p>[\/et_pb_text][\/et_pb_column][\/et_pb_row][\/et_pb_section]<\/p>\n","protected":false},"excerpt":{"rendered":"<p>ManifesteI Love Italian Food est une association culturelle fond\u00e9e dans le but de promouvoir et de d\u00e9fendre la v\u00e9ritable culture gastronomique et vinicole italienne dans le monde. Le projet est le r\u00e9sultat de la passion pour les produits et la cuisine typiques de notre Bel paese, une histoire d&rsquo;amour quotidienne, une identit\u00e9, qui change et [&hellip;]<\/p>\n","protected":false},"author":414,"featured_media":0,"parent":0,"menu_order":0,"comment_status":"closed","ping_status":"closed","template":"","meta":{"_et_pb_use_builder":"on","_et_pb_old_content":"","_et_gb_content_width":"","footnotes":""},"class_list":["post-53899","page","type-page","status-publish","hentry"],"_links":{"self":[{"href":"https:\/\/iloveitalianfood.it\/fr\/wp-json\/wp\/v2\/pages\/53899","targetHints":{"allow":["GET"]}}],"collection":[{"href":"https:\/\/iloveitalianfood.it\/fr\/wp-json\/wp\/v2\/pages"}],"about":[{"href":"https:\/\/iloveitalianfood.it\/fr\/wp-json\/wp\/v2\/types\/page"}],"author":[{"embeddable":true,"href":"https:\/\/iloveitalianfood.it\/fr\/wp-json\/wp\/v2\/users\/414"}],"replies":[{"embeddable":true,"href":"https:\/\/iloveitalianfood.it\/fr\/wp-json\/wp\/v2\/comments?post=53899"}],"version-history":[{"count":10,"href":"https:\/\/iloveitalianfood.it\/fr\/wp-json\/wp\/v2\/pages\/53899\/revisions"}],"predecessor-version":[{"id":89853,"href":"https:\/\/iloveitalianfood.it\/fr\/wp-json\/wp\/v2\/pages\/53899\/revisions\/89853"}],"wp:attachment":[{"href":"https:\/\/iloveitalianfood.it\/fr\/wp-json\/wp\/v2\/media?parent=53899"}],"curies":[{"name":"wp","href":"https:\/\/api.w.org\/{rel}","templated":true}]}}