{"id":53874,"date":"2018-01-16T15:38:41","date_gmt":"2018-01-16T14:38:41","guid":{"rendered":"https:\/\/iloveitalianfood.it\/?page_id=53874"},"modified":"2023-02-15T18:01:26","modified_gmt":"2023-02-15T17:01:26","slug":"sur-nous","status":"publish","type":"page","link":"https:\/\/iloveitalianfood.it\/fr\/sur-nous\/","title":{"rendered":"Sur nous"},"content":{"rendered":"<p>[et_pb_section fb_built=\u00a0\u00bb1&Prime; admin_label=\u00a0\u00bbChi siamo\u00a0\u00bb _builder_version=\u00a0\u00bb4.16&Prime; background_enable_image=\u00a0\u00bboff\u00a0\u00bb custom_padding=\u00a0\u00bb27px||6px||false|false\u00a0\u00bb da_disable_devices=\u00a0\u00bboff|off|off\u00a0\u00bb locked=\u00a0\u00bboff\u00a0\u00bb global_colors_info=\u00a0\u00bb{}\u00a0\u00bb da_is_popup=\u00a0\u00bboff\u00a0\u00bb da_exit_intent=\u00a0\u00bboff\u00a0\u00bb da_has_close=\u00a0\u00bbon\u00a0\u00bb da_alt_close=\u00a0\u00bboff\u00a0\u00bb da_dark_close=\u00a0\u00bboff\u00a0\u00bb da_not_modal=\u00a0\u00bbon\u00a0\u00bb da_is_singular=\u00a0\u00bboff\u00a0\u00bb da_with_loader=\u00a0\u00bboff\u00a0\u00bb da_has_shadow=\u00a0\u00bbon\u00a0\u00bb][et_pb_row _builder_version=\u00a0\u00bb4.16&Prime; background_size=\u00a0\u00bbinitial\u00a0\u00bb background_position=\u00a0\u00bbtop_left\u00a0\u00bb background_repeat=\u00a0\u00bbrepeat\u00a0\u00bb width=\u00a0\u00bb90%\u00a0\u00bb max_width=\u00a0\u00bb1300px\u00a0\u00bb custom_padding=\u00a0\u00bb||||false|false\u00a0\u00bb global_colors_info=\u00a0\u00bb{}\u00a0\u00bb][et_pb_column type=\u00a0\u00bb4_4&Prime; _builder_version=\u00a0\u00bb4.16&Prime; custom_padding=\u00a0\u00bb|||\u00a0\u00bb global_colors_info=\u00a0\u00bb{}\u00a0\u00bb custom_padding__hover=\u00a0\u00bb|||\u00a0\u00bb][et_pb_text _builder_version=\u00a0\u00bb4.18.1&Prime; header_font=\u00a0\u00bbAlata||||||||\u00a0\u00bb header_font_size=\u00a0\u00bb4em\u00a0\u00bb background_size=\u00a0\u00bbinitial\u00a0\u00bb background_position=\u00a0\u00bbtop_left\u00a0\u00bb background_repeat=\u00a0\u00bbrepeat\u00a0\u00bb global_colors_info=\u00a0\u00bb{}\u00a0\u00bb]<\/p>\n<h1 style=\"text-align: left;\">Sur Nous<\/h1>\n<p>[\/et_pb_text][\/et_pb_column][\/et_pb_row][\/et_pb_section][et_pb_section fb_built=\u00a0\u00bb1&Prime; _builder_version=\u00a0\u00bb4.16&Prime; _module_preset=\u00a0\u00bbdefault\u00a0\u00bb custom_padding=\u00a0\u00bb8px|||||\u00a0\u00bb da_disable_devices=\u00a0\u00bboff|off|off\u00a0\u00bb locked=\u00a0\u00bboff\u00a0\u00bb global_colors_info=\u00a0\u00bb{}\u00a0\u00bb da_is_popup=\u00a0\u00bboff\u00a0\u00bb da_exit_intent=\u00a0\u00bboff\u00a0\u00bb da_has_close=\u00a0\u00bbon\u00a0\u00bb da_alt_close=\u00a0\u00bboff\u00a0\u00bb da_dark_close=\u00a0\u00bboff\u00a0\u00bb da_not_modal=\u00a0\u00bbon\u00a0\u00bb da_is_singular=\u00a0\u00bboff\u00a0\u00bb da_with_loader=\u00a0\u00bboff\u00a0\u00bb da_has_shadow=\u00a0\u00bbon\u00a0\u00bb][et_pb_row column_structure=\u00a0\u00bb1_4,1_4,1_4,1_4&Prime; _builder_version=\u00a0\u00bb4.16&Prime; _module_preset=\u00a0\u00bbdefault\u00a0\u00bb width=\u00a0\u00bb90%\u00a0\u00bb max_width=\u00a0\u00bb1300px\u00a0\u00bb global_colors_info=\u00a0\u00bb{}\u00a0\u00bb][et_pb_column type=\u00a0\u00bb1_4&Prime; _builder_version=\u00a0\u00bb4.16&Prime; _module_preset=\u00a0\u00bbdefault\u00a0\u00bb global_colors_info=\u00a0\u00bb{}\u00a0\u00bb][et_pb_text _builder_version=\u00a0\u00bb4.18.1&Prime; _module_preset=\u00a0\u00bbdefault\u00a0\u00bb global_colors_info=\u00a0\u00bb{}\u00a0\u00bb]<\/p>\n<h4>Nous sommes un network international et une Association \u00e0 but non lucratif, avec la mission de promouvoir et d\u00e9fendre la authentique culture gastronomique et vinicole italienne dans le monde.<\/h4>\n<h4>Nous sommes n\u00e9s en Italie en 2013, au c\u0153ur de la Food Valley, de la rencontre entre la page Facebook cr\u00e9\u00e9e par Marco Bonini et l&rsquo;id\u00e9e d&rsquo;Alessandro Schiatti de construire une association \u00e0 but non lucratif autour d&rsquo;elle. Au fil du temps, I Love Italian Food est devenue une entreprise et une communaut\u00e9 internationale qui, ces derni\u00e8res ann\u00e9es, a atteint 3 milliards de contacts sociaux, a organis\u00e9 plus de 100 \u00e9v\u00e9nements internationaux et a obtenu plus d&rsquo;un milliard de vues de vid\u00e9os.<\/h4>\n<p>[\/et_pb_text][\/et_pb_column][et_pb_column type=\u00a0\u00bb1_4&Prime; _builder_version=\u00a0\u00bb4.16&Prime; _module_preset=\u00a0\u00bbdefault\u00a0\u00bb global_colors_info=\u00a0\u00bb{}\u00a0\u00bb][et_pb_text _builder_version=\u00a0\u00bb4.18.1&Prime; _module_preset=\u00a0\u00bbdefault\u00a0\u00bb global_colors_info=\u00a0\u00bb{}\u00a0\u00bb]<\/p>\n<h4>Nous avons \u00e9volu\u00e9 gr\u00e2ce \u00e0 la conviction que l&rsquo;avenir de l&rsquo;Italie est \u00e9troitement li\u00e9 \u00e0 l&rsquo;avenir de notre secteur alimentaire et \u00e0 sa capacit\u00e9 \u00e0 se d\u00e9velopper et \u00e0 s&rsquo;\u00e9tablir au-del\u00e0 des fronti\u00e8res nationales. En fait, c&rsquo;est l&rsquo;un des aspects de l&rsquo;Italie les plus appr\u00e9ci\u00e9s et les plus recherch\u00e9s \u00e0 l&rsquo;\u00e9tranger, et il repr\u00e9sente un sixi\u00e8me de notre \u00e9conomie.<\/h4>\n<p>[\/et_pb_text][\/et_pb_column][et_pb_column type=\u00a0\u00bb1_4&Prime; _builder_version=\u00a0\u00bb4.16&Prime; _module_preset=\u00a0\u00bbdefault\u00a0\u00bb global_colors_info=\u00a0\u00bb{}\u00a0\u00bb][et_pb_text _builder_version=\u00a0\u00bb4.18.1&Prime; _module_preset=\u00a0\u00bbdefault\u00a0\u00bb global_colors_info=\u00a0\u00bb{}\u00a0\u00bb]<\/p>\n<h4>\u00a0\u00bb L&rsquo;agroalimentaire Made in Italy est le p\u00e9trole de l&rsquo;Italie, l&rsquo;une de nos plus grandes richesses, il est le fruit de nos nombreuses cultures populaires, du savoir-faire de nos travailleurs, de notre g\u00e9ographie et des nombreux microclimats qui la composent. C&rsquo;est pourquoi, chez I Love Italian Food, nous croyons en la valeur du authentique Made in Italy, celui qui est fabriqu\u00e9 en Italie, sur notre terre et \u00e0 partir de notre terre\u00a0\u00bb, d\u00e9clare Alessandro Schiatti, actuel CEO de I Love Italian Food.<\/h4>\n<p>[\/et_pb_text][\/et_pb_column][et_pb_column type=\u00a0\u00bb1_4&Prime; _builder_version=\u00a0\u00bb4.16&Prime; _module_preset=\u00a0\u00bbdefault\u00a0\u00bb global_colors_info=\u00a0\u00bb{}\u00a0\u00bb][et_pb_text _builder_version=\u00a0\u00bb4.18.1&Prime; _module_preset=\u00a0\u00bbdefault\u00a0\u00bb global_colors_info=\u00a0\u00bb{}\u00a0\u00bb]<\/p>\n<h4>Nos mots-cl\u00e9s sont Formation et Storytelling et, gr\u00e2ce \u00e0 notre r\u00e9seau de plus de 12.000 professionnels internationaux, nous sommes en mesure de nous connecter de mani\u00e8re contemporaine, en promouvant de mani\u00e8re toujours plus efficace les produits et producteurs italiens authentiques.<\/h4>\n<p>[\/et_pb_text][\/et_pb_column][\/et_pb_row][et_pb_row _builder_version=\u00a0\u00bb4.16&Prime; _module_preset=\u00a0\u00bbdefault\u00a0\u00bb background_color=\u00a0\u00bb#f2f2f2&Prime; width=\u00a0\u00bb85%\u00a0\u00bb max_width=\u00a0\u00bb2560px\u00a0\u00bb custom_padding=\u00a0\u00bb30px|30px|30px|30px|true|true\u00a0\u00bb box_shadow_style=\u00a0\u00bbpreset1&Prime; global_colors_info=\u00a0\u00bb{}\u00a0\u00bb][et_pb_column type=\u00a0\u00bb4_4&Prime; _builder_version=\u00a0\u00bb4.16&Prime; _module_preset=\u00a0\u00bbdefault\u00a0\u00bb global_colors_info=\u00a0\u00bb{}\u00a0\u00bb][et_pb_gallery gallery_ids=\u00a0\u00bb49597,49596,49595,49594,49593,49592,49591,49584,49585,49586,49587,49588,49589,49590,49583,49582,49581,49580,49579,49578,49577,49570,49571,49572,49573,49574,49575,49576,49569,49568,49567,49566,49565,49564,49556,49563,49558,49557,49559,49560,49561,49562,49555,49554,49552,49553,49551,49368,49367,49366,49365,49364,49363,49362,49355,49356,49357,49358,49359,49360,49361,49354,49353,49352,49351,49350,49349,49348,49341,49342,49343,49344,49345,49346,49347,49340,49339,49338,49337,49336,49335,49334,49327,49328,49329,49330,49331,49332,49333,49326,49325,49324,49323,47464,47607,49612&Prime; orientation=\u00a0\u00bbportrait\u00a0\u00bb show_title_and_caption=\u00a0\u00bboff\u00a0\u00bb _builder_version=\u00a0\u00bb4.16&Prime; _module_preset=\u00a0\u00bbdefault\u00a0\u00bb background_color=\u00a0\u00bbrgba(242,242,242,0)\u00a0\u00bb global_colors_info=\u00a0\u00bb{}\u00a0\u00bb][\/et_pb_gallery][\/et_pb_column][\/et_pb_row][et_pb_row disabled_on=\u00a0\u00bboff|off|off\u00a0\u00bb _builder_version=\u00a0\u00bb4.16&Prime; _module_preset=\u00a0\u00bbdefault\u00a0\u00bb global_colors_info=\u00a0\u00bb{}\u00a0\u00bb][et_pb_column type=\u00a0\u00bb4_4&Prime; _builder_version=\u00a0\u00bb4.16&Prime; _module_preset=\u00a0\u00bbdefault\u00a0\u00bb global_colors_info=\u00a0\u00bb{}\u00a0\u00bb][et_pb_code disabled_on=\u00a0\u00bbon|on|on\u00a0\u00bb _builder_version=\u00a0\u00bb4.16&Prime; _module_preset=\u00a0\u00bbdefault\u00a0\u00bb disabled=\u00a0\u00bbon\u00a0\u00bb global_colors_info=\u00a0\u00bb{}\u00a0\u00bb]<iframe loading=\"lazy\" width=\"560\" height=\"315\" src=\"https:\/\/www.youtube.com\/embed\/kOmlrOxp-0E\" title=\"YouTube video player\" frameborder=\"0\" allow=\"accelerometer; autoplay; clipboard-write; encrypted-media; gyroscope; picture-in-picture\" allowfullscreen><\/iframe>[\/et_pb_code][\/et_pb_column][\/et_pb_row][\/et_pb_section]<\/p>\n","protected":false},"excerpt":{"rendered":"<p>Sur NousNous sommes un network international et une Association \u00e0 but non lucratif, avec la mission de promouvoir et d\u00e9fendre la authentique culture gastronomique et vinicole italienne dans le monde. Nous sommes n\u00e9s en Italie en 2013, au c\u0153ur de la Food Valley, de la rencontre entre la page Facebook cr\u00e9\u00e9e par Marco Bonini et [&hellip;]<\/p>\n","protected":false},"author":414,"featured_media":75288,"parent":0,"menu_order":0,"comment_status":"closed","ping_status":"closed","template":"","meta":{"_et_pb_use_builder":"on","_et_pb_old_content":"","_et_gb_content_width":"","footnotes":""},"class_list":["post-53874","page","type-page","status-publish","has-post-thumbnail","hentry"],"_links":{"self":[{"href":"https:\/\/iloveitalianfood.it\/fr\/wp-json\/wp\/v2\/pages\/53874","targetHints":{"allow":["GET"]}}],"collection":[{"href":"https:\/\/iloveitalianfood.it\/fr\/wp-json\/wp\/v2\/pages"}],"about":[{"href":"https:\/\/iloveitalianfood.it\/fr\/wp-json\/wp\/v2\/types\/page"}],"author":[{"embeddable":true,"href":"https:\/\/iloveitalianfood.it\/fr\/wp-json\/wp\/v2\/users\/414"}],"replies":[{"embeddable":true,"href":"https:\/\/iloveitalianfood.it\/fr\/wp-json\/wp\/v2\/comments?post=53874"}],"version-history":[{"count":5,"href":"https:\/\/iloveitalianfood.it\/fr\/wp-json\/wp\/v2\/pages\/53874\/revisions"}],"predecessor-version":[{"id":78424,"href":"https:\/\/iloveitalianfood.it\/fr\/wp-json\/wp\/v2\/pages\/53874\/revisions\/78424"}],"wp:featuredmedia":[{"embeddable":true,"href":"https:\/\/iloveitalianfood.it\/fr\/wp-json\/wp\/v2\/media\/75288"}],"wp:attachment":[{"href":"https:\/\/iloveitalianfood.it\/fr\/wp-json\/wp\/v2\/media?parent=53874"}],"curies":[{"name":"wp","href":"https:\/\/api.w.org\/{rel}","templated":true}]}}